{"id":864,"date":"2020-02-24T10:30:21","date_gmt":"2020-02-24T09:30:21","guid":{"rendered":"http:\/\/tousmaussanais.fr\/?page_id=864"},"modified":"2020-03-22T11:40:04","modified_gmt":"2020-03-22T10:40:04","slug":"democratie-participative","status":"publish","type":"page","link":"https:\/\/tousmaussanais.fr\/?page_id=864","title":{"rendered":"DEMOCRATIE PARTICIPATIVE"},"content":{"rendered":"\n<div class=\"wp-block-image\"><figure class=\"aligncenter size-large\"><img loading=\"lazy\" width=\"813\" height=\"984\" src=\"http:\/\/tousmaussanais.fr\/wp-content\/uploads\/2020\/02\/JEUNESSE.jpg\" alt=\"\" class=\"wp-image-806\" srcset=\"https:\/\/tousmaussanais.fr\/wp-content\/uploads\/2020\/02\/JEUNESSE.jpg 813w, https:\/\/tousmaussanais.fr\/wp-content\/uploads\/2020\/02\/JEUNESSE-496x600.jpg 496w, https:\/\/tousmaussanais.fr\/wp-content\/uploads\/2020\/02\/JEUNESSE-768x930.jpg 768w\" sizes=\"(max-width: 813px) 100vw, 813px\" \/><\/figure><\/div>\n\n\n\n<p>\u2022 L&rsquo;avenir nous dira&#8230; <strong>si la participation effective des Maussanais aux choix de la vie communale dans le cadre des commissions extra-municipales<\/strong> est une promesse \u00e9lectoraliste ou une r\u00e9alit\u00e9 !!!<\/p>\n","protected":false},"excerpt":{"rendered":"<p>\u2022 L&rsquo;avenir nous dira&#8230; si la participation effective des Maussanais aux choix de la vie communale dans le cadre des commissions extra-municipales est une promesse \u00e9lectoraliste ou une r\u00e9alit\u00e9 !!!<\/p>\n","protected":false},"author":1,"featured_media":0,"parent":0,"menu_order":0,"comment_status":"closed","ping_status":"closed","template":"","meta":[],"_links":{"self":[{"href":"https:\/\/tousmaussanais.fr\/index.php?rest_route=\/wp\/v2\/pages\/864"}],"collection":[{"href":"https:\/\/tousmaussanais.fr\/index.php?rest_route=\/wp\/v2\/pages"}],"about":[{"href":"https:\/\/tousmaussanais.fr\/index.php?rest_route=\/wp\/v2\/types\/page"}],"author":[{"embeddable":true,"href":"https:\/\/tousmaussanais.fr\/index.php?rest_route=\/wp\/v2\/users\/1"}],"replies":[{"embeddable":true,"href":"https:\/\/tousmaussanais.fr\/index.php?rest_route=%2Fwp%2Fv2%2Fcomments&post=864"}],"version-history":[{"count":6,"href":"https:\/\/tousmaussanais.fr\/index.php?rest_route=\/wp\/v2\/pages\/864\/revisions"}],"predecessor-version":[{"id":1061,"href":"https:\/\/tousmaussanais.fr\/index.php?rest_route=\/wp\/v2\/pages\/864\/revisions\/1061"}],"wp:attachment":[{"href":"https:\/\/tousmaussanais.fr\/index.php?rest_route=%2Fwp%2Fv2%2Fmedia&parent=864"}],"curies":[{"name":"wp","href":"https:\/\/api.w.org\/{rel}","templated":true}]}}