{"id":861,"date":"2020-02-24T10:29:40","date_gmt":"2020-02-24T09:29:40","guid":{"rendered":"http:\/\/tousmaussanais.fr\/?page_id=861"},"modified":"2020-05-04T10:16:38","modified_gmt":"2020-05-04T08:16:38","slug":"tourisme","status":"publish","type":"page","link":"https:\/\/tousmaussanais.fr\/?page_id=861","title":{"rendered":"TOURISME"},"content":{"rendered":"\n<div class=\"wp-block-image\"><figure class=\"aligncenter size-large\"><img loading=\"lazy\" width=\"1024\" height=\"731\" src=\"http:\/\/tousmaussanais.fr\/wp-content\/uploads\/2020\/02\/1089.jpg\" alt=\"\" class=\"wp-image-797\" srcset=\"https:\/\/tousmaussanais.fr\/wp-content\/uploads\/2020\/02\/1089.jpg 1024w, https:\/\/tousmaussanais.fr\/wp-content\/uploads\/2020\/02\/1089-600x428.jpg 600w, https:\/\/tousmaussanais.fr\/wp-content\/uploads\/2020\/02\/1089-768x548.jpg 768w\" sizes=\"(max-width: 1024px) 100vw, 1024px\" \/><\/figure><\/div>\n\n\n\n<p>\u2022 <strong>Choix d\u2019un tourisme de qualit\u00e9, \u00e0 dimension humaine, b\u00e9n\u00e9fique <br>pour les habitants et les commerces de proximit\u00e9 <\/strong><br>\u2022 <strong>Renforcement des relations avec \u201cProvence Tourisme\u201d<\/strong> qui pourra <br>mettre en valeur Maussane lors de chaque \u00e9v\u00e9nement du territoire <br>\u2022 <strong>Approche \u201ctourisme durable\u201d aupr\u00e8s de divers publics qui viennent d\u00e9couvrir notre richesse patrimoniale mais aussi nos espaces naturels <\/strong><\/p>\n","protected":false},"excerpt":{"rendered":"<p>\u2022 Choix d\u2019un tourisme de qualit\u00e9, \u00e0 dimension humaine, b\u00e9n\u00e9fique pour les habitants et les commerces de proximit\u00e9 \u2022 Renforcement des relations avec \u201cProvence Tourisme\u201d qui pourra mettre en valeur Maussane lors de chaque \u00e9v\u00e9nement du territoire \u2022 Approche \u201ctourisme durable\u201d aupr\u00e8s de divers publics qui viennent d\u00e9couvrir notre richesse patrimoniale mais aussi nos espaces [&hellip;]<\/p>\n","protected":false},"author":1,"featured_media":0,"parent":0,"menu_order":0,"comment_status":"closed","ping_status":"closed","template":"","meta":[],"_links":{"self":[{"href":"https:\/\/tousmaussanais.fr\/index.php?rest_route=\/wp\/v2\/pages\/861"}],"collection":[{"href":"https:\/\/tousmaussanais.fr\/index.php?rest_route=\/wp\/v2\/pages"}],"about":[{"href":"https:\/\/tousmaussanais.fr\/index.php?rest_route=\/wp\/v2\/types\/page"}],"author":[{"embeddable":true,"href":"https:\/\/tousmaussanais.fr\/index.php?rest_route=\/wp\/v2\/users\/1"}],"replies":[{"embeddable":true,"href":"https:\/\/tousmaussanais.fr\/index.php?rest_route=%2Fwp%2Fv2%2Fcomments&post=861"}],"version-history":[{"count":4,"href":"https:\/\/tousmaussanais.fr\/index.php?rest_route=\/wp\/v2\/pages\/861\/revisions"}],"predecessor-version":[{"id":1145,"href":"https:\/\/tousmaussanais.fr\/index.php?rest_route=\/wp\/v2\/pages\/861\/revisions\/1145"}],"wp:attachment":[{"href":"https:\/\/tousmaussanais.fr\/index.php?rest_route=%2Fwp%2Fv2%2Fmedia&parent=861"}],"curies":[{"name":"wp","href":"https:\/\/api.w.org\/{rel}","templated":true}]}}