{"id":857,"date":"2020-02-24T10:28:19","date_gmt":"2020-02-24T09:28:19","guid":{"rendered":"http:\/\/tousmaussanais.fr\/?page_id=857"},"modified":"2020-05-04T10:11:10","modified_gmt":"2020-05-04T08:11:10","slug":"patrimoine","status":"publish","type":"page","link":"https:\/\/tousmaussanais.fr\/?page_id=857","title":{"rendered":"PATRIMOINE"},"content":{"rendered":"\n<div class=\"wp-block-image\"><figure class=\"aligncenter size-large\"><img loading=\"lazy\" width=\"709\" height=\"531\" src=\"http:\/\/tousmaussanais.fr\/wp-content\/uploads\/2020\/02\/LAVOIR.jpg\" alt=\"\" class=\"wp-image-807\" srcset=\"https:\/\/tousmaussanais.fr\/wp-content\/uploads\/2020\/02\/LAVOIR.jpg 709w, https:\/\/tousmaussanais.fr\/wp-content\/uploads\/2020\/02\/LAVOIR-600x449.jpg 600w\" sizes=\"(max-width: 709px) 100vw, 709px\" \/><\/figure><\/div>\n\n\n\n<p>On ne peut perenniser la qualit\u00e9 de vie du village sans <strong>mettre en valeur son Patrimoine b\u00e2ti .<\/strong> Tout reste \u00e0 faire&#8230;. en r\u00e9fl\u00e9chissant avant d&rsquo;agir&#8230; et dans les r\u00e8gles de l&rsquo;art ! on reste pensifs !<\/p>\n\n\n\n<p>Utile et n\u00e9cessaire : <strong>Adh\u00e9sion \u00e0 la charte du collectif proven\u00e7al pour La D\u00e9fense de la langue et de la culture proven\u00e7ales  <\/strong><\/p>\n","protected":false},"excerpt":{"rendered":"<p>On ne peut perenniser la qualit\u00e9 de vie du village sans mettre en valeur son Patrimoine b\u00e2ti . Tout reste \u00e0 faire&#8230;. en r\u00e9fl\u00e9chissant avant d&rsquo;agir&#8230; et dans les r\u00e8gles de l&rsquo;art ! on reste pensifs ! Utile et n\u00e9cessaire : Adh\u00e9sion \u00e0 la charte du collectif proven\u00e7al pour La D\u00e9fense de la langue et [&hellip;]<\/p>\n","protected":false},"author":1,"featured_media":0,"parent":0,"menu_order":0,"comment_status":"closed","ping_status":"closed","template":"","meta":[],"_links":{"self":[{"href":"https:\/\/tousmaussanais.fr\/index.php?rest_route=\/wp\/v2\/pages\/857"}],"collection":[{"href":"https:\/\/tousmaussanais.fr\/index.php?rest_route=\/wp\/v2\/pages"}],"about":[{"href":"https:\/\/tousmaussanais.fr\/index.php?rest_route=\/wp\/v2\/types\/page"}],"author":[{"embeddable":true,"href":"https:\/\/tousmaussanais.fr\/index.php?rest_route=\/wp\/v2\/users\/1"}],"replies":[{"embeddable":true,"href":"https:\/\/tousmaussanais.fr\/index.php?rest_route=%2Fwp%2Fv2%2Fcomments&post=857"}],"version-history":[{"count":6,"href":"https:\/\/tousmaussanais.fr\/index.php?rest_route=\/wp\/v2\/pages\/857\/revisions"}],"predecessor-version":[{"id":1140,"href":"https:\/\/tousmaussanais.fr\/index.php?rest_route=\/wp\/v2\/pages\/857\/revisions\/1140"}],"wp:attachment":[{"href":"https:\/\/tousmaussanais.fr\/index.php?rest_route=%2Fwp%2Fv2%2Fmedia&parent=857"}],"curies":[{"name":"wp","href":"https:\/\/api.w.org\/{rel}","templated":true}]}}