{"id":854,"date":"2020-02-24T10:27:30","date_gmt":"2020-02-24T09:27:30","guid":{"rendered":"http:\/\/tousmaussanais.fr\/?page_id=854"},"modified":"2020-03-22T11:38:27","modified_gmt":"2020-03-22T10:38:27","slug":"culture","status":"publish","type":"page","link":"https:\/\/tousmaussanais.fr\/?page_id=854","title":{"rendered":"CULTURE"},"content":{"rendered":"\n<div class=\"wp-block-image\"><figure class=\"aligncenter size-large\"><img loading=\"lazy\" width=\"1200\" height=\"1600\" src=\"http:\/\/tousmaussanais.fr\/wp-content\/uploads\/2020\/02\/image0-3-1200x1600.jpg\" alt=\"\" class=\"wp-image-801\" srcset=\"https:\/\/tousmaussanais.fr\/wp-content\/uploads\/2020\/02\/image0-3-1200x1600.jpg 1200w, https:\/\/tousmaussanais.fr\/wp-content\/uploads\/2020\/02\/image0-3-450x600.jpg 450w, https:\/\/tousmaussanais.fr\/wp-content\/uploads\/2020\/02\/image0-3-768x1024.jpg 768w, https:\/\/tousmaussanais.fr\/wp-content\/uploads\/2020\/02\/image0-3-1152x1536.jpg 1152w, https:\/\/tousmaussanais.fr\/wp-content\/uploads\/2020\/02\/image0-3-1536x2048.jpg 1536w, https:\/\/tousmaussanais.fr\/wp-content\/uploads\/2020\/02\/image0-3-scaled.jpg 1920w\" sizes=\"(max-width: 1200px) 100vw, 1200px\" \/><\/figure><\/div>\n\n\n\n<p>\u2022 <strong>C&rsquo;est peu de le dire : la valorisation de la culture locale et de ses traditions vivantes\u00a0<\/strong>est essentielle dans un village qui poss\u00e8de un tel patrimoine culturel et patrimonial ! <br>Cela pourra se faire \u00e0 une seule condition : <strong>Echanges d\u2019id\u00e9es avec tous ceux qui souhaitent \u00eatre force\u00a0de propositions<\/strong> et s\u2019impliquer dans la programmation culturelle, <strong>renforcement de la communication entre les associations<\/strong> et avec les habitants et <strong>cr\u00e9ation d&rsquo;un LIEU d\u00e9di\u00e9 pour les r\u00e9unir toutes g\u00e9n\u00e9rations et passions confondues !<\/strong><\/p>\n","protected":false},"excerpt":{"rendered":"<p>\u2022 C&rsquo;est peu de le dire : la valorisation de la culture locale et de ses traditions vivantes\u00a0est essentielle dans un village qui poss\u00e8de un tel patrimoine culturel et patrimonial ! Cela pourra se faire \u00e0 une seule condition : Echanges d\u2019id\u00e9es avec tous ceux qui souhaitent \u00eatre force\u00a0de propositions et s\u2019impliquer dans la programmation [&hellip;]<\/p>\n","protected":false},"author":1,"featured_media":0,"parent":0,"menu_order":0,"comment_status":"closed","ping_status":"closed","template":"","meta":[],"_links":{"self":[{"href":"https:\/\/tousmaussanais.fr\/index.php?rest_route=\/wp\/v2\/pages\/854"}],"collection":[{"href":"https:\/\/tousmaussanais.fr\/index.php?rest_route=\/wp\/v2\/pages"}],"about":[{"href":"https:\/\/tousmaussanais.fr\/index.php?rest_route=\/wp\/v2\/types\/page"}],"author":[{"embeddable":true,"href":"https:\/\/tousmaussanais.fr\/index.php?rest_route=\/wp\/v2\/users\/1"}],"replies":[{"embeddable":true,"href":"https:\/\/tousmaussanais.fr\/index.php?rest_route=%2Fwp%2Fv2%2Fcomments&post=854"}],"version-history":[{"count":4,"href":"https:\/\/tousmaussanais.fr\/index.php?rest_route=\/wp\/v2\/pages\/854\/revisions"}],"predecessor-version":[{"id":1059,"href":"https:\/\/tousmaussanais.fr\/index.php?rest_route=\/wp\/v2\/pages\/854\/revisions\/1059"}],"wp:attachment":[{"href":"https:\/\/tousmaussanais.fr\/index.php?rest_route=%2Fwp%2Fv2%2Fmedia&parent=854"}],"curies":[{"name":"wp","href":"https:\/\/api.w.org\/{rel}","templated":true}]}}