{"id":847,"date":"2020-02-24T10:21:18","date_gmt":"2020-02-24T09:21:18","guid":{"rendered":"http:\/\/tousmaussanais.fr\/?page_id=847"},"modified":"2020-03-22T11:13:21","modified_gmt":"2020-03-22T10:13:21","slug":"animation-de-la-vie-locale","status":"publish","type":"page","link":"https:\/\/tousmaussanais.fr\/?page_id=847","title":{"rendered":"ANIMATION DE LA VIE LOCALE"},"content":{"rendered":"\n<div class=\"wp-block-image\"><figure class=\"aligncenter size-large\"><img loading=\"lazy\" width=\"1600\" height=\"1074\" src=\"http:\/\/tousmaussanais.fr\/wp-content\/uploads\/2020\/02\/FESTIVITES-ETE-2-1600x1074.jpg\" alt=\"\" class=\"wp-image-799\" srcset=\"https:\/\/tousmaussanais.fr\/wp-content\/uploads\/2020\/02\/FESTIVITES-ETE-2-1600x1074.jpg 1600w, https:\/\/tousmaussanais.fr\/wp-content\/uploads\/2020\/02\/FESTIVITES-ETE-2-600x403.jpg 600w, https:\/\/tousmaussanais.fr\/wp-content\/uploads\/2020\/02\/FESTIVITES-ETE-2-768x516.jpg 768w, https:\/\/tousmaussanais.fr\/wp-content\/uploads\/2020\/02\/FESTIVITES-ETE-2-1536x1031.jpg 1536w, https:\/\/tousmaussanais.fr\/wp-content\/uploads\/2020\/02\/FESTIVITES-ETE-2-2048x1375.jpg 2048w\" sizes=\"(max-width: 1600px) 100vw, 1600px\" \/><\/figure><\/div>\n\n\n\n<p>\u2022 A quand la r\u00e9activation <strong>d\u2019un comit\u00e9 des f\u00eates<\/strong>, mobilis\u00e9 et cr\u00e9atif <strong>et un r\u00e9el soutien aux f\u00eates traditionnelles du village<\/strong> ?<br><strong>O<\/strong>n le sait,<strong> l&rsquo;appui des initiatives festives des associations<\/strong>, les brocantes attractives pour fid\u00e9liser de nouveaux visiteurs  sont les moteurs \u00e0 la fois de notre \u00e9conomie et de notre bien-vivre ! <strong>Ne pas les n\u00e9gliger !<\/strong><\/p>\n","protected":false},"excerpt":{"rendered":"<p>\u2022 A quand la r\u00e9activation d\u2019un comit\u00e9 des f\u00eates, mobilis\u00e9 et cr\u00e9atif et un r\u00e9el soutien aux f\u00eates traditionnelles du village ?On le sait, l&rsquo;appui des initiatives festives des associations, les brocantes attractives pour fid\u00e9liser de nouveaux visiteurs sont les moteurs \u00e0 la fois de notre \u00e9conomie et de notre bien-vivre ! Ne pas les [&hellip;]<\/p>\n","protected":false},"author":1,"featured_media":0,"parent":0,"menu_order":0,"comment_status":"closed","ping_status":"closed","template":"","meta":[],"_links":{"self":[{"href":"https:\/\/tousmaussanais.fr\/index.php?rest_route=\/wp\/v2\/pages\/847"}],"collection":[{"href":"https:\/\/tousmaussanais.fr\/index.php?rest_route=\/wp\/v2\/pages"}],"about":[{"href":"https:\/\/tousmaussanais.fr\/index.php?rest_route=\/wp\/v2\/types\/page"}],"author":[{"embeddable":true,"href":"https:\/\/tousmaussanais.fr\/index.php?rest_route=\/wp\/v2\/users\/1"}],"replies":[{"embeddable":true,"href":"https:\/\/tousmaussanais.fr\/index.php?rest_route=%2Fwp%2Fv2%2Fcomments&post=847"}],"version-history":[{"count":5,"href":"https:\/\/tousmaussanais.fr\/index.php?rest_route=\/wp\/v2\/pages\/847\/revisions"}],"predecessor-version":[{"id":1044,"href":"https:\/\/tousmaussanais.fr\/index.php?rest_route=\/wp\/v2\/pages\/847\/revisions\/1044"}],"wp:attachment":[{"href":"https:\/\/tousmaussanais.fr\/index.php?rest_route=%2Fwp%2Fv2%2Fmedia&parent=847"}],"curies":[{"name":"wp","href":"https:\/\/api.w.org\/{rel}","templated":true}]}}