{"id":844,"date":"2020-02-24T10:20:14","date_gmt":"2020-02-24T09:20:14","guid":{"rendered":"http:\/\/tousmaussanais.fr\/?page_id=844"},"modified":"2020-05-04T10:15:57","modified_gmt":"2020-05-04T08:15:57","slug":"sports-et-loisirs","status":"publish","type":"page","link":"https:\/\/tousmaussanais.fr\/?page_id=844","title":{"rendered":"SPORTS ET LOISIRS"},"content":{"rendered":"\n<div class=\"wp-block-image\"><figure class=\"aligncenter size-large\"><img loading=\"lazy\" width=\"660\" height=\"281\" src=\"https:\/\/tousmaussanais.fr\/wp-content\/uploads\/2020\/02\/18266855lpw-18266938-article-petanque-alcool-jpg_6088536_660x281-1.jpg\" alt=\"\" class=\"wp-image-909\" srcset=\"https:\/\/tousmaussanais.fr\/wp-content\/uploads\/2020\/02\/18266855lpw-18266938-article-petanque-alcool-jpg_6088536_660x281-1.jpg 660w, https:\/\/tousmaussanais.fr\/wp-content\/uploads\/2020\/02\/18266855lpw-18266938-article-petanque-alcool-jpg_6088536_660x281-1-600x255.jpg 600w\" sizes=\"(max-width: 660px) 100vw, 660px\" \/><\/figure><\/div>\n\n\n\n<p>\u2022 <strong>Accompagnement \u00a0de toutes les associations sportives<\/strong><br>\u2022 Cr\u00e9ation d&rsquo;un <strong>v\u00e9ritable boulodrome<\/strong> digne de notre village proven\u00e7al <br>et pr\u00e9servation du jeu couvert<br>\u2022 <strong>Equipement de la salle Jean Favier pour une \u00a0meilleure pratique des sports.<\/strong> Usage possible \u00a0pour les enfants<br>\u2022 <strong>Am\u00e9nagement de la piscine municipale en piscine communautaire mutualis\u00e9e\u00a0pour toute \u00a0la Vall\u00e9e des Baux, <\/strong>permettant \u00a0l&rsquo;apprentissage de la natation (financement de fonctionnement CCVBA)<br>\u2022 <strong>Construction des vestiaires du stade<\/strong>\u00a0(financ\u00e9s mais toujours pas r\u00e9alis\u00e9s)<br>\u2022 Cr\u00e9ation d\u2019un espace Fitness avec agr\u00e8s en ext\u00e9rieur<br>\u2022 R\u00e9alisation des \u00a0petits travaux d&rsquo;<strong>am\u00e9nagement des Ar\u00e8nes\u00a0<\/strong><br>\u2022 Mise \u00e0 disposition des tennis du camping au Tennis Club du village<br>\u2022 <strong>Elaboration participative d\u2019un projet d\u2019espace sportif pour la jeunesse<\/strong><\/p>\n","protected":false},"excerpt":{"rendered":"<p>\u2022 Accompagnement \u00a0de toutes les associations sportives\u2022 Cr\u00e9ation d&rsquo;un v\u00e9ritable boulodrome digne de notre village proven\u00e7al et pr\u00e9servation du jeu couvert\u2022 Equipement de la salle Jean Favier pour une \u00a0meilleure pratique des sports. Usage possible \u00a0pour les enfants\u2022 Am\u00e9nagement de la piscine municipale en piscine communautaire mutualis\u00e9e\u00a0pour toute \u00a0la Vall\u00e9e des Baux, permettant \u00a0l&rsquo;apprentissage de [&hellip;]<\/p>\n","protected":false},"author":1,"featured_media":0,"parent":0,"menu_order":0,"comment_status":"closed","ping_status":"closed","template":"","meta":[],"_links":{"self":[{"href":"https:\/\/tousmaussanais.fr\/index.php?rest_route=\/wp\/v2\/pages\/844"}],"collection":[{"href":"https:\/\/tousmaussanais.fr\/index.php?rest_route=\/wp\/v2\/pages"}],"about":[{"href":"https:\/\/tousmaussanais.fr\/index.php?rest_route=\/wp\/v2\/types\/page"}],"author":[{"embeddable":true,"href":"https:\/\/tousmaussanais.fr\/index.php?rest_route=\/wp\/v2\/users\/1"}],"replies":[{"embeddable":true,"href":"https:\/\/tousmaussanais.fr\/index.php?rest_route=%2Fwp%2Fv2%2Fcomments&post=844"}],"version-history":[{"count":5,"href":"https:\/\/tousmaussanais.fr\/index.php?rest_route=\/wp\/v2\/pages\/844\/revisions"}],"predecessor-version":[{"id":1144,"href":"https:\/\/tousmaussanais.fr\/index.php?rest_route=\/wp\/v2\/pages\/844\/revisions\/1144"}],"wp:attachment":[{"href":"https:\/\/tousmaussanais.fr\/index.php?rest_route=%2Fwp%2Fv2%2Fmedia&parent=844"}],"curies":[{"name":"wp","href":"https:\/\/api.w.org\/{rel}","templated":true}]}}