{"id":832,"date":"2020-02-24T10:13:11","date_gmt":"2020-02-24T09:13:11","guid":{"rendered":"http:\/\/tousmaussanais.fr\/?page_id=832"},"modified":"2020-03-22T12:22:17","modified_gmt":"2020-03-22T11:22:17","slug":"embellissement-des-espaces-publics","status":"publish","type":"page","link":"https:\/\/tousmaussanais.fr\/?page_id=832","title":{"rendered":"EMBELLISSEMENT DES ESPACES PUBLICS"},"content":{"rendered":"\n<div class=\"wp-block-image\"><figure class=\"aligncenter size-large\"><img loading=\"lazy\" width=\"1183\" height=\"1182\" src=\"https:\/\/tousmaussanais.fr\/wp-content\/uploads\/2020\/02\/images-1-10.png\" alt=\"\" class=\"wp-image-927\" srcset=\"https:\/\/tousmaussanais.fr\/wp-content\/uploads\/2020\/02\/images-1-10.png 1183w, https:\/\/tousmaussanais.fr\/wp-content\/uploads\/2020\/02\/images-1-10-600x600.png 600w, https:\/\/tousmaussanais.fr\/wp-content\/uploads\/2020\/02\/images-1-10-300x300.png 300w, https:\/\/tousmaussanais.fr\/wp-content\/uploads\/2020\/02\/images-1-10-768x767.png 768w\" sizes=\"(max-width: 1183px) 100vw, 1183px\" \/><\/figure><\/div>\n\n\n\n<p>Certes, ce volet de l&#8217;embellissement du village demande un peu de go\u00fbt ! Et les entr\u00e9es de village ne sont gu\u00e8re soign\u00e9es pour l&rsquo;instant ! <br>Mais si l&rsquo;on se laisse conseiller par des sp\u00e9cialistes, tout est plus facile :<\/p>\n\n\n\n<p>La mise en valeur de la beaut\u00e9 naturelle de notre village <strong>gr\u00e2ce \u00e0 l&rsquo; implication de tous dans le fleurissement<\/strong>, la v\u00e9g\u00e9talisation dans tous les quartiers<br><\/p>\n","protected":false},"excerpt":{"rendered":"<p>Certes, ce volet de l&#8217;embellissement du village demande un peu de go\u00fbt ! Et les entr\u00e9es de village ne sont gu\u00e8re soign\u00e9es pour l&rsquo;instant ! Mais si l&rsquo;on se laisse conseiller par des sp\u00e9cialistes, tout est plus facile : La mise en valeur de la beaut\u00e9 naturelle de notre village gr\u00e2ce \u00e0 l&rsquo; implication de [&hellip;]<\/p>\n","protected":false},"author":1,"featured_media":0,"parent":0,"menu_order":0,"comment_status":"closed","ping_status":"closed","template":"","meta":[],"_links":{"self":[{"href":"https:\/\/tousmaussanais.fr\/index.php?rest_route=\/wp\/v2\/pages\/832"}],"collection":[{"href":"https:\/\/tousmaussanais.fr\/index.php?rest_route=\/wp\/v2\/pages"}],"about":[{"href":"https:\/\/tousmaussanais.fr\/index.php?rest_route=\/wp\/v2\/types\/page"}],"author":[{"embeddable":true,"href":"https:\/\/tousmaussanais.fr\/index.php?rest_route=\/wp\/v2\/users\/1"}],"replies":[{"embeddable":true,"href":"https:\/\/tousmaussanais.fr\/index.php?rest_route=%2Fwp%2Fv2%2Fcomments&post=832"}],"version-history":[{"count":7,"href":"https:\/\/tousmaussanais.fr\/index.php?rest_route=\/wp\/v2\/pages\/832\/revisions"}],"predecessor-version":[{"id":1065,"href":"https:\/\/tousmaussanais.fr\/index.php?rest_route=\/wp\/v2\/pages\/832\/revisions\/1065"}],"wp:attachment":[{"href":"https:\/\/tousmaussanais.fr\/index.php?rest_route=%2Fwp%2Fv2%2Fmedia&parent=832"}],"curies":[{"name":"wp","href":"https:\/\/api.w.org\/{rel}","templated":true}]}}