{"id":829,"date":"2020-02-24T10:11:12","date_gmt":"2020-02-24T09:11:12","guid":{"rendered":"http:\/\/tousmaussanais.fr\/?page_id=829"},"modified":"2020-05-04T09:48:17","modified_gmt":"2020-05-04T07:48:17","slug":"agriculture","status":"publish","type":"page","link":"https:\/\/tousmaussanais.fr\/?page_id=829","title":{"rendered":"AGRICULTURE"},"content":{"rendered":"\n<figure class=\"wp-block-image size-large\"><img loading=\"lazy\" width=\"1182\" height=\"1182\" src=\"https:\/\/tousmaussanais.fr\/wp-content\/uploads\/2020\/02\/images-1-02.png\" alt=\"\" class=\"wp-image-919\" srcset=\"https:\/\/tousmaussanais.fr\/wp-content\/uploads\/2020\/02\/images-1-02.png 1182w, https:\/\/tousmaussanais.fr\/wp-content\/uploads\/2020\/02\/images-1-02-600x600.png 600w, https:\/\/tousmaussanais.fr\/wp-content\/uploads\/2020\/02\/images-1-02-300x300.png 300w, https:\/\/tousmaussanais.fr\/wp-content\/uploads\/2020\/02\/images-1-02-768x768.png 768w\" sizes=\"(max-width: 1182px) 100vw, 1182px\" \/><\/figure>\n\n\n\n<div class=\"wp-block-image\"><figure class=\"aligncenter size-large\"><img src=\"http:\/\/tousmaussanais.fr\/wp-content\/uploads\/2020\/02\/01-11.jpg\" alt=\"\" class=\"wp-image-868\"\/><\/figure><\/div>\n\n\n\n<p>\u2022 La<strong> d\u00e9fense de nos  agriculteurs dans toutes les instances o\u00f9 leur avenir se d\u00e9cide <\/strong>est primordiale (ASA, CCVBA, PARC\u2026) comme <strong>l&rsquo; accompagnement des exploitants dans l\u2019adaptation aux changements climatiques<\/strong> (eau, nouvelles cultures, pression fonci\u00e8re, nouvelles pratiques\u2026, <strong>la<\/strong> <strong>valorisation des productions locales<\/strong> et <strong>le <\/strong>s<strong>outien aux agriculteurs dans leurs efforts<\/strong> de protection de&nbsp;l\u2019environnement et de leurs labels ( AOP, IGP)<\/p>\n\n\n\n<p><\/p>\n","protected":false},"excerpt":{"rendered":"<p>\u2022 La d\u00e9fense de nos agriculteurs dans toutes les instances o\u00f9 leur avenir se d\u00e9cide est primordiale (ASA, CCVBA, PARC\u2026) comme l&rsquo; accompagnement des exploitants dans l\u2019adaptation aux changements climatiques (eau, nouvelles cultures, pression fonci\u00e8re, nouvelles pratiques\u2026, la valorisation des productions locales et le soutien aux agriculteurs dans leurs efforts de protection de&nbsp;l\u2019environnement et de [&hellip;]<\/p>\n","protected":false},"author":1,"featured_media":0,"parent":0,"menu_order":0,"comment_status":"closed","ping_status":"closed","template":"","meta":[],"_links":{"self":[{"href":"https:\/\/tousmaussanais.fr\/index.php?rest_route=\/wp\/v2\/pages\/829"}],"collection":[{"href":"https:\/\/tousmaussanais.fr\/index.php?rest_route=\/wp\/v2\/pages"}],"about":[{"href":"https:\/\/tousmaussanais.fr\/index.php?rest_route=\/wp\/v2\/types\/page"}],"author":[{"embeddable":true,"href":"https:\/\/tousmaussanais.fr\/index.php?rest_route=\/wp\/v2\/users\/1"}],"replies":[{"embeddable":true,"href":"https:\/\/tousmaussanais.fr\/index.php?rest_route=%2Fwp%2Fv2%2Fcomments&post=829"}],"version-history":[{"count":6,"href":"https:\/\/tousmaussanais.fr\/index.php?rest_route=\/wp\/v2\/pages\/829\/revisions"}],"predecessor-version":[{"id":1120,"href":"https:\/\/tousmaussanais.fr\/index.php?rest_route=\/wp\/v2\/pages\/829\/revisions\/1120"}],"wp:attachment":[{"href":"https:\/\/tousmaussanais.fr\/index.php?rest_route=%2Fwp%2Fv2%2Fmedia&parent=829"}],"curies":[{"name":"wp","href":"https:\/\/api.w.org\/{rel}","templated":true}]}}