{"id":821,"date":"2020-02-24T10:05:10","date_gmt":"2020-02-24T09:05:10","guid":{"rendered":"http:\/\/tousmaussanais.fr\/?page_id=821"},"modified":"2020-03-22T11:34:26","modified_gmt":"2020-03-22T10:34:26","slug":"circulation","status":"publish","type":"page","link":"https:\/\/tousmaussanais.fr\/?page_id=821","title":{"rendered":"CIRCULATION"},"content":{"rendered":"\n<figure class=\"wp-block-image size-large\"><img loading=\"lazy\" width=\"876\" height=\"625\" src=\"https:\/\/tousmaussanais.fr\/wp-content\/uploads\/2020\/02\/ZONE-30.jpg\" alt=\"\" class=\"wp-image-881\" srcset=\"https:\/\/tousmaussanais.fr\/wp-content\/uploads\/2020\/02\/ZONE-30.jpg 876w, https:\/\/tousmaussanais.fr\/wp-content\/uploads\/2020\/02\/ZONE-30-600x428.jpg 600w, https:\/\/tousmaussanais.fr\/wp-content\/uploads\/2020\/02\/ZONE-30-768x548.jpg 768w\" sizes=\"(max-width: 876px) 100vw, 876px\" \/><\/figure>\n\n\n\n<p>\u2022 <strong>Probl\u00e8me crucial de notre centre village : le r\u00e9am\u00e9nagement d&rsquo;une zone 30km\/h de l\u2019avenue de la Vall\u00e9e des Baux, stationnements v\u00e9hicules, trottoirs et voirie afin de s\u00e9curiser le d\u00e9placement des pi\u00e9tons<\/strong>&#8230; et limiter <strong> drastiquement la travers\u00e9e du village par les poids lourds hors desserte locale<\/strong>&#8230;<br>Nous attendons avec impatience les solutions de l&rsquo;\u00e9quipe municipale dans ce domaine &#8230;<br><\/p>\n\n\n\n<p><\/p>\n","protected":false},"excerpt":{"rendered":"<p>\u2022 Probl\u00e8me crucial de notre centre village : le r\u00e9am\u00e9nagement d&rsquo;une zone 30km\/h de l\u2019avenue de la Vall\u00e9e des Baux, stationnements v\u00e9hicules, trottoirs et voirie afin de s\u00e9curiser le d\u00e9placement des pi\u00e9tons&#8230; et limiter drastiquement la travers\u00e9e du village par les poids lourds hors desserte locale&#8230;Nous attendons avec impatience les solutions de l&rsquo;\u00e9quipe municipale dans [&hellip;]<\/p>\n","protected":false},"author":1,"featured_media":0,"parent":0,"menu_order":0,"comment_status":"closed","ping_status":"closed","template":"","meta":[],"_links":{"self":[{"href":"https:\/\/tousmaussanais.fr\/index.php?rest_route=\/wp\/v2\/pages\/821"}],"collection":[{"href":"https:\/\/tousmaussanais.fr\/index.php?rest_route=\/wp\/v2\/pages"}],"about":[{"href":"https:\/\/tousmaussanais.fr\/index.php?rest_route=\/wp\/v2\/types\/page"}],"author":[{"embeddable":true,"href":"https:\/\/tousmaussanais.fr\/index.php?rest_route=\/wp\/v2\/users\/1"}],"replies":[{"embeddable":true,"href":"https:\/\/tousmaussanais.fr\/index.php?rest_route=%2Fwp%2Fv2%2Fcomments&post=821"}],"version-history":[{"count":5,"href":"https:\/\/tousmaussanais.fr\/index.php?rest_route=\/wp\/v2\/pages\/821\/revisions"}],"predecessor-version":[{"id":1057,"href":"https:\/\/tousmaussanais.fr\/index.php?rest_route=\/wp\/v2\/pages\/821\/revisions\/1057"}],"wp:attachment":[{"href":"https:\/\/tousmaussanais.fr\/index.php?rest_route=%2Fwp%2Fv2%2Fmedia&parent=821"}],"curies":[{"name":"wp","href":"https:\/\/api.w.org\/{rel}","templated":true}]}}