{"id":82,"date":"2020-01-20T11:56:57","date_gmt":"2020-01-20T10:56:57","guid":{"rendered":"http:\/\/tousmaussanais.fr\/?page_id=82"},"modified":"2020-03-22T11:27:39","modified_gmt":"2020-03-22T10:27:39","slug":"le-projet","status":"publish","type":"page","link":"https:\/\/tousmaussanais.fr\/?page_id=82","title":{"rendered":"Contactez-nous"},"content":{"rendered":"\n<hr class=\"wp-block-separator is-style-wide\"\/>\n\n\n\n<p><\/p>\n\n\n\n<figure class=\"wp-block-image size-large is-resized\"><img loading=\"lazy\" src=\"https:\/\/tousmaussanais.fr\/wp-content\/uploads\/2020\/03\/le-bandeau-contact.jpg\" alt=\"\" class=\"wp-image-1051\" width=\"494\" height=\"244\"\/><\/figure>\n\n\n\n<p class=\"has-text-align-left\"><strong>Ouvert \u00e0 toutes vos questions et besoins d&rsquo;information, <br>notre collectif vous propose de vous informer et de r\u00e9pondre <br>\u00e0 vos questions concernant le village&#8230;<\/strong><\/p>\n\n\n\n<p>Prochainement  nous pourrons vous recevoir et \u00e9changer&#8230;<br>Dans l&rsquo;attente contactez-nous par mail ou sur notre page facebook<\/p>\n\n\n\n<p><strong>site web <\/strong> www.tousmaussanais.fr        <strong>  facebook <\/strong>  TOUS MAUSSANAIS-2020<\/p>\n\n\n\n<p><\/p>\n","protected":false},"excerpt":{"rendered":"<p>Ouvert \u00e0 toutes vos questions et besoins d&rsquo;information, notre collectif vous propose de vous informer et de r\u00e9pondre \u00e0 vos questions concernant le village&#8230; Prochainement nous pourrons vous recevoir et \u00e9changer&#8230;Dans l&rsquo;attente contactez-nous par mail ou sur notre page facebook site web www.tousmaussanais.fr facebook TOUS MAUSSANAIS-2020<\/p>\n","protected":false},"author":1,"featured_media":0,"parent":0,"menu_order":0,"comment_status":"closed","ping_status":"closed","template":"","meta":[],"_links":{"self":[{"href":"https:\/\/tousmaussanais.fr\/index.php?rest_route=\/wp\/v2\/pages\/82"}],"collection":[{"href":"https:\/\/tousmaussanais.fr\/index.php?rest_route=\/wp\/v2\/pages"}],"about":[{"href":"https:\/\/tousmaussanais.fr\/index.php?rest_route=\/wp\/v2\/types\/page"}],"author":[{"embeddable":true,"href":"https:\/\/tousmaussanais.fr\/index.php?rest_route=\/wp\/v2\/users\/1"}],"replies":[{"embeddable":true,"href":"https:\/\/tousmaussanais.fr\/index.php?rest_route=%2Fwp%2Fv2%2Fcomments&post=82"}],"version-history":[{"count":17,"href":"https:\/\/tousmaussanais.fr\/index.php?rest_route=\/wp\/v2\/pages\/82\/revisions"}],"predecessor-version":[{"id":1053,"href":"https:\/\/tousmaussanais.fr\/index.php?rest_route=\/wp\/v2\/pages\/82\/revisions\/1053"}],"wp:attachment":[{"href":"https:\/\/tousmaussanais.fr\/index.php?rest_route=%2Fwp%2Fv2%2Fmedia&parent=82"}],"curies":[{"name":"wp","href":"https:\/\/api.w.org\/{rel}","templated":true}]}}