{"id":818,"date":"2020-02-24T10:03:51","date_gmt":"2020-02-24T09:03:51","guid":{"rendered":"http:\/\/tousmaussanais.fr\/?page_id=818"},"modified":"2020-02-24T15:41:26","modified_gmt":"2020-02-24T14:41:26","slug":"securite-des-personnes-et-des-biens","status":"publish","type":"page","link":"https:\/\/tousmaussanais.fr\/?page_id=818","title":{"rendered":"S\u00c9CURIT\u00c9 DES PERSONNES ET DES BIENS"},"content":{"rendered":"\n<div class=\"wp-block-image\"><figure class=\"aligncenter size-large\"><img loading=\"lazy\" width=\"1600\" height=\"901\" src=\"http:\/\/tousmaussanais.fr\/wp-content\/uploads\/2020\/02\/promenade-en-poussette-12-erreurs-frequentes-a-ne-pas-faire-pour-eviter-les-accidents-1600x901.jpg\" alt=\"\" class=\"wp-image-811\" srcset=\"https:\/\/tousmaussanais.fr\/wp-content\/uploads\/2020\/02\/promenade-en-poussette-12-erreurs-frequentes-a-ne-pas-faire-pour-eviter-les-accidents-1600x901.jpg 1600w, https:\/\/tousmaussanais.fr\/wp-content\/uploads\/2020\/02\/promenade-en-poussette-12-erreurs-frequentes-a-ne-pas-faire-pour-eviter-les-accidents-600x338.jpg 600w, https:\/\/tousmaussanais.fr\/wp-content\/uploads\/2020\/02\/promenade-en-poussette-12-erreurs-frequentes-a-ne-pas-faire-pour-eviter-les-accidents-768x433.jpg 768w, https:\/\/tousmaussanais.fr\/wp-content\/uploads\/2020\/02\/promenade-en-poussette-12-erreurs-frequentes-a-ne-pas-faire-pour-eviter-les-accidents-1536x865.jpg 1536w, https:\/\/tousmaussanais.fr\/wp-content\/uploads\/2020\/02\/promenade-en-poussette-12-erreurs-frequentes-a-ne-pas-faire-pour-eviter-les-accidents.jpg 1772w\" sizes=\"(max-width: 1600px) 100vw, 1600px\" \/><\/figure><\/div>\n\n\n\n<p><strong>\u2022 R\u00e9am\u00e9nagement et s\u00e9curisation des trottoirs dans l&rsquo;avenue de la Vall\u00e9e des Baux<\/strong> afin de la rendre \u00ab\u00a0possible\u00a0\u00bb pour les familles et les personnes \u00e0 mobilit\u00e9 r\u00e9duite<br>\u2022 \u00a0<strong>R\u00e9vision totale du r\u00e9seau communal d\u2019\u00e9clairage <\/strong>dans le respect des normes anti-gaspillage selon la demande des riverains<br>\u2022 <strong>Renforcement du nombre de cam\u00e9ras de vid\u00e9o\u00a0protection<\/strong> en partenariat avec la gendarmerie\u00a0des Baux<br>\u2022 D\u00e9ploiement, en collaboration avec les services de surveillance et de s\u00e9curit\u00e9 (gendarmeries, pompiers, CCFF,&#8230;) d\u2019un <strong>syst\u00e8me d\u2019information rapide <\/strong>via\u00a0une application de type \u00ab illiwap \u00bb (<a class=\"\" href=\"http:\/\/illiwap.com\/\">illiwap.com<\/a>), \u00a0accessible <br>\u00e0 tous les Maussanais sur leur portable<br>\u2022 <strong>R\u00e9tablissement du poste d\u2019ASVP <\/strong>supprim\u00e9 par l\u2019\u00e9quipe sortante et red\u00e9finition des missions et moyens d\u2019intervention de la police\u00a0communale en liaison avec la gendarmerie et les pompiers<\/p>\n","protected":false},"excerpt":{"rendered":"<p>\u2022 R\u00e9am\u00e9nagement et s\u00e9curisation des trottoirs dans l&rsquo;avenue de la Vall\u00e9e des Baux afin de la rendre \u00ab\u00a0possible\u00a0\u00bb pour les familles et les personnes \u00e0 mobilit\u00e9 r\u00e9duite\u2022 \u00a0R\u00e9vision totale du r\u00e9seau communal d\u2019\u00e9clairage dans le respect des normes anti-gaspillage selon la demande des riverains\u2022 Renforcement du nombre de cam\u00e9ras de vid\u00e9o\u00a0protection en partenariat avec la [&hellip;]<\/p>\n","protected":false},"author":1,"featured_media":0,"parent":0,"menu_order":0,"comment_status":"closed","ping_status":"closed","template":"","meta":[],"_links":{"self":[{"href":"https:\/\/tousmaussanais.fr\/index.php?rest_route=\/wp\/v2\/pages\/818"}],"collection":[{"href":"https:\/\/tousmaussanais.fr\/index.php?rest_route=\/wp\/v2\/pages"}],"about":[{"href":"https:\/\/tousmaussanais.fr\/index.php?rest_route=\/wp\/v2\/types\/page"}],"author":[{"embeddable":true,"href":"https:\/\/tousmaussanais.fr\/index.php?rest_route=\/wp\/v2\/users\/1"}],"replies":[{"embeddable":true,"href":"https:\/\/tousmaussanais.fr\/index.php?rest_route=%2Fwp%2Fv2%2Fcomments&post=818"}],"version-history":[{"count":5,"href":"https:\/\/tousmaussanais.fr\/index.php?rest_route=\/wp\/v2\/pages\/818\/revisions"}],"predecessor-version":[{"id":975,"href":"https:\/\/tousmaussanais.fr\/index.php?rest_route=\/wp\/v2\/pages\/818\/revisions\/975"}],"wp:attachment":[{"href":"https:\/\/tousmaussanais.fr\/index.php?rest_route=%2Fwp%2Fv2%2Fmedia&parent=818"}],"curies":[{"name":"wp","href":"https:\/\/api.w.org\/{rel}","templated":true}]}}