{"id":812,"date":"2020-02-24T09:58:25","date_gmt":"2020-02-24T08:58:25","guid":{"rendered":"http:\/\/tousmaussanais.fr\/?page_id=812"},"modified":"2020-05-04T10:09:15","modified_gmt":"2020-05-04T08:09:15","slug":"finances-communales","status":"publish","type":"page","link":"https:\/\/tousmaussanais.fr\/?page_id=812","title":{"rendered":"FINANCES COMMUNALES"},"content":{"rendered":"\n<figure class=\"wp-block-image size-large\"><img loading=\"lazy\" width=\"1600\" height=\"1200\" src=\"http:\/\/tousmaussanais.fr\/wp-content\/uploads\/2020\/02\/IMG_0214-1600x1200.jpg\" alt=\"\" class=\"wp-image-804\" srcset=\"https:\/\/tousmaussanais.fr\/wp-content\/uploads\/2020\/02\/IMG_0214-1600x1200.jpg 1600w, https:\/\/tousmaussanais.fr\/wp-content\/uploads\/2020\/02\/IMG_0214-600x450.jpg 600w, https:\/\/tousmaussanais.fr\/wp-content\/uploads\/2020\/02\/IMG_0214-768x576.jpg 768w, https:\/\/tousmaussanais.fr\/wp-content\/uploads\/2020\/02\/IMG_0214-1536x1152.jpg 1536w\" sizes=\"(max-width: 1600px) 100vw, 1600px\" \/><\/figure>\n\n\n\n<p>\u2022<strong> Un sujet grave et auquel il faut accorder toute notre attention, car 2020 est une ann\u00e9e fragilis\u00e9e comme jamais,<\/strong> suite \u00e0 la crise sanitaire et \u00e0 l&rsquo;effondrement \u00e9conomique national et mondial&#8230;<\/p>\n\n\n\n<p>Baisses de dotations de l&rsquo;\u00e9tat et tentations d&rsquo;investissements peu judicieux feront tr\u00e8s mauvais m\u00e9nage si la gestion des finances communales est faite comme par le pass\u00e9 !&#8230;<\/p>\n","protected":false},"excerpt":{"rendered":"<p>\u2022 Un sujet grave et auquel il faut accorder toute notre attention, car 2020 est une ann\u00e9e fragilis\u00e9e comme jamais, suite \u00e0 la crise sanitaire et \u00e0 l&rsquo;effondrement \u00e9conomique national et mondial&#8230; Baisses de dotations de l&rsquo;\u00e9tat et tentations d&rsquo;investissements peu judicieux feront tr\u00e8s mauvais m\u00e9nage si la gestion des finances communales est faite comme [&hellip;]<\/p>\n","protected":false},"author":1,"featured_media":0,"parent":0,"menu_order":0,"comment_status":"closed","ping_status":"closed","template":"","meta":[],"_links":{"self":[{"href":"https:\/\/tousmaussanais.fr\/index.php?rest_route=\/wp\/v2\/pages\/812"}],"collection":[{"href":"https:\/\/tousmaussanais.fr\/index.php?rest_route=\/wp\/v2\/pages"}],"about":[{"href":"https:\/\/tousmaussanais.fr\/index.php?rest_route=\/wp\/v2\/types\/page"}],"author":[{"embeddable":true,"href":"https:\/\/tousmaussanais.fr\/index.php?rest_route=\/wp\/v2\/users\/1"}],"replies":[{"embeddable":true,"href":"https:\/\/tousmaussanais.fr\/index.php?rest_route=%2Fwp%2Fv2%2Fcomments&post=812"}],"version-history":[{"count":7,"href":"https:\/\/tousmaussanais.fr\/index.php?rest_route=\/wp\/v2\/pages\/812\/revisions"}],"predecessor-version":[{"id":1139,"href":"https:\/\/tousmaussanais.fr\/index.php?rest_route=\/wp\/v2\/pages\/812\/revisions\/1139"}],"wp:attachment":[{"href":"https:\/\/tousmaussanais.fr\/index.php?rest_route=%2Fwp%2Fv2%2Fmedia&parent=812"}],"curies":[{"name":"wp","href":"https:\/\/api.w.org\/{rel}","templated":true}]}}