{"id":61,"date":"2020-01-20T11:16:03","date_gmt":"2020-01-20T10:16:03","guid":{"rendered":"http:\/\/tousmaussanais.fr\/?page_id=61"},"modified":"2020-03-23T15:59:07","modified_gmt":"2020-03-23T14:59:07","slug":"accueil","status":"publish","type":"page","link":"https:\/\/tousmaussanais.fr\/","title":{"rendered":"Accueil"},"content":{"rendered":"\n<h2>Maussanaises, Maussanais,<\/h2>\n\n\n\n<p class=\"has-text-align-left\"><strong><em> \u00ab\u00a0Regarder loin c\u2019est regarder t\u00f4t\u201d<\/em><\/strong> Hubert Reeves<\/p>\n\n\n\n<p class=\"has-text-align-left\"><em><strong>                                                                                                                                      L&rsquo;actualit\u00e9 n&rsquo;est gu\u00e8re au beau fixe,  mais nous savons comment avancer vers des jours meilleurs.<\/strong><\/em><\/p>\n\n\n\n<p class=\"has-text-align-left\"><strong>P<em>ou<\/em><\/strong><em><strong>r cela nous continuons d&rsquo;\u00eatre \u00e0 l&rsquo;\u00e9coute de tous et de persister dans notre vigilance  pour que perdure la qualit\u00e9 de vie de Maussane-les -Alpilles<\/strong><\/em>.<\/p>\n\n\n\n<p><\/p>\n","protected":false},"excerpt":{"rendered":"<p>Maussanaises, Maussanais, \u00ab\u00a0Regarder loin c\u2019est regarder t\u00f4t\u201d Hubert Reeves L&rsquo;actualit\u00e9 n&rsquo;est gu\u00e8re au beau fixe, mais nous savons comment avancer vers des jours meilleurs. Pour cela nous continuons d&rsquo;\u00eatre \u00e0 l&rsquo;\u00e9coute de tous et de persister dans notre vigilance pour que perdure la qualit\u00e9 de vie de Maussane-les -Alpilles.<\/p>\n","protected":false},"author":1,"featured_media":0,"parent":0,"menu_order":0,"comment_status":"closed","ping_status":"closed","template":"template-homepage.php","meta":[],"_links":{"self":[{"href":"https:\/\/tousmaussanais.fr\/index.php?rest_route=\/wp\/v2\/pages\/61"}],"collection":[{"href":"https:\/\/tousmaussanais.fr\/index.php?rest_route=\/wp\/v2\/pages"}],"about":[{"href":"https:\/\/tousmaussanais.fr\/index.php?rest_route=\/wp\/v2\/types\/page"}],"author":[{"embeddable":true,"href":"https:\/\/tousmaussanais.fr\/index.php?rest_route=\/wp\/v2\/users\/1"}],"replies":[{"embeddable":true,"href":"https:\/\/tousmaussanais.fr\/index.php?rest_route=%2Fwp%2Fv2%2Fcomments&post=61"}],"version-history":[{"count":12,"href":"https:\/\/tousmaussanais.fr\/index.php?rest_route=\/wp\/v2\/pages\/61\/revisions"}],"predecessor-version":[{"id":1116,"href":"https:\/\/tousmaussanais.fr\/index.php?rest_route=\/wp\/v2\/pages\/61\/revisions\/1116"}],"wp:attachment":[{"href":"https:\/\/tousmaussanais.fr\/index.php?rest_route=%2Fwp%2Fv2%2Fmedia&parent=61"}],"curies":[{"name":"wp","href":"https:\/\/api.w.org\/{rel}","templated":true}]}}