{"id":6,"date":"2020-01-20T10:02:31","date_gmt":"2020-01-20T09:02:31","guid":{"rendered":"http:\/\/tousmaussanais.fr\/?page_id=6"},"modified":"2020-03-23T15:35:35","modified_gmt":"2020-03-23T14:35:35","slug":"equipe","status":"publish","type":"page","link":"https:\/\/tousmaussanais.fr\/?page_id=6","title":{"rendered":"Passionn\u00e9s de Maussane&#8230;"},"content":{"rendered":"\n<p>Neuf femmes, Sept hommes, aux comp\u00e9tences compl\u00e9mentaires et r\u00e9unis par la passion de leur village. Des personnalit\u00e9s diverses ouvertes \u00e0 la discussion avec les citoyens de Maussane. Projets, id\u00e9es, remarques&#8230;<br> tout nous int\u00e9resse&#8230;<\/p>\n\n\n\n<figure class=\"wp-block-gallery columns-3 is-cropped\"><ul class=\"blocks-gallery-grid\"><li class=\"blocks-gallery-item\"><figure><img loading=\"lazy\" width=\"1138\" height=\"1600\" src=\"https:\/\/tousmaussanais.fr\/wp-content\/uploads\/2020\/03\/photo-blanc-1138x1600.png\" alt=\"\" data-id=\"1102\" data-link=\"https:\/\/tousmaussanais.fr\/?attachment_id=1102\" class=\"wp-image-1102\" srcset=\"https:\/\/tousmaussanais.fr\/wp-content\/uploads\/2020\/03\/photo-blanc-1138x1600.png 1138w, https:\/\/tousmaussanais.fr\/wp-content\/uploads\/2020\/03\/photo-blanc-427x600.png 427w, https:\/\/tousmaussanais.fr\/wp-content\/uploads\/2020\/03\/photo-blanc-768x1080.png 768w, https:\/\/tousmaussanais.fr\/wp-content\/uploads\/2020\/03\/photo-blanc-1092x1536.png 1092w, https:\/\/tousmaussanais.fr\/wp-content\/uploads\/2020\/03\/photo-blanc-1456x2048.png 1456w\" sizes=\"(max-width: 1138px) 100vw, 1138px\" \/><\/figure><\/li><li class=\"blocks-gallery-item\"><figure><img loading=\"lazy\" width=\"819\" height=\"1024\" src=\"http:\/\/tousmaussanais.fr\/wp-content\/uploads\/2020\/01\/brigitte-819x1024.jpg\" alt=\"\" data-id=\"127\" data-link=\"http:\/\/tousmaussanais.fr\/?attachment_id=127\" class=\"wp-image-127\" srcset=\"https:\/\/tousmaussanais.fr\/wp-content\/uploads\/2020\/01\/brigitte-819x1024.jpg 819w, https:\/\/tousmaussanais.fr\/wp-content\/uploads\/2020\/01\/brigitte-240x300.jpg 240w, https:\/\/tousmaussanais.fr\/wp-content\/uploads\/2020\/01\/brigitte-1280x1600.jpg 1280w, https:\/\/tousmaussanais.fr\/wp-content\/uploads\/2020\/01\/brigitte-768x960.jpg 768w, https:\/\/tousmaussanais.fr\/wp-content\/uploads\/2020\/01\/brigitte-1229x1536.jpg 1229w, https:\/\/tousmaussanais.fr\/wp-content\/uploads\/2020\/01\/brigitte-1639x2048.jpg 1639w, https:\/\/tousmaussanais.fr\/wp-content\/uploads\/2020\/01\/brigitte-scaled.jpg 2048w\" sizes=\"(max-width: 819px) 100vw, 819px\" \/><figcaption class=\"blocks-gallery-item__caption\"><a href=\"http:\/\/tousmaussanais.fr\/?page_id=248\"><strong>Brigitte Valero<\/strong><\/a><\/figcaption><\/figure><\/li><li class=\"blocks-gallery-item\"><figure><img loading=\"lazy\" width=\"819\" height=\"1024\" src=\"http:\/\/tousmaussanais.fr\/wp-content\/uploads\/2020\/01\/andy-819x1024.jpg\" alt=\"\" data-id=\"126\" data-link=\"http:\/\/tousmaussanais.fr\/?attachment_id=126\" class=\"wp-image-126\" srcset=\"https:\/\/tousmaussanais.fr\/wp-content\/uploads\/2020\/01\/andy-819x1024.jpg 819w, https:\/\/tousmaussanais.fr\/wp-content\/uploads\/2020\/01\/andy-240x300.jpg 240w, https:\/\/tousmaussanais.fr\/wp-content\/uploads\/2020\/01\/andy-1280x1600.jpg 1280w, https:\/\/tousmaussanais.fr\/wp-content\/uploads\/2020\/01\/andy-768x960.jpg 768w, https:\/\/tousmaussanais.fr\/wp-content\/uploads\/2020\/01\/andy-1229x1536.jpg 1229w, https:\/\/tousmaussanais.fr\/wp-content\/uploads\/2020\/01\/andy-1638x2048.jpg 1638w, https:\/\/tousmaussanais.fr\/wp-content\/uploads\/2020\/01\/andy-scaled.jpg 2048w\" sizes=\"(max-width: 819px) 100vw, 819px\" \/><figcaption class=\"blocks-gallery-item__caption\"><a href=\"http:\/\/tousmaussanais.fr\/?page_id=250\"><strong>Andy Cl\u00e9on<\/strong><\/a><\/figcaption><\/figure><\/li><li class=\"blocks-gallery-item\"><figure><img loading=\"lazy\" width=\"820\" height=\"1024\" src=\"http:\/\/tousmaussanais.fr\/wp-content\/uploads\/2020\/01\/claire-820x1024.jpg\" alt=\"\" data-id=\"128\" data-link=\"http:\/\/tousmaussanais.fr\/?attachment_id=128\" class=\"wp-image-128\" srcset=\"https:\/\/tousmaussanais.fr\/wp-content\/uploads\/2020\/01\/claire-820x1024.jpg 820w, https:\/\/tousmaussanais.fr\/wp-content\/uploads\/2020\/01\/claire-240x300.jpg 240w, https:\/\/tousmaussanais.fr\/wp-content\/uploads\/2020\/01\/claire-1281x1600.jpg 1281w, https:\/\/tousmaussanais.fr\/wp-content\/uploads\/2020\/01\/claire-768x960.jpg 768w, https:\/\/tousmaussanais.fr\/wp-content\/uploads\/2020\/01\/claire-1229x1536.jpg 1229w, https:\/\/tousmaussanais.fr\/wp-content\/uploads\/2020\/01\/claire-1639x2048.jpg 1639w, https:\/\/tousmaussanais.fr\/wp-content\/uploads\/2020\/01\/claire.jpg 1772w\" sizes=\"(max-width: 820px) 100vw, 820px\" \/><figcaption class=\"blocks-gallery-item__caption\"><a href=\"http:\/\/tousmaussanais.fr\/?page_id=240\"><strong>Claire Arsac<\/strong><\/a><\/figcaption><\/figure><\/li><li class=\"blocks-gallery-item\"><figure><img loading=\"lazy\" width=\"819\" height=\"1024\" src=\"http:\/\/tousmaussanais.fr\/wp-content\/uploads\/2020\/01\/francis-1-819x1024.jpg\" alt=\"\" data-id=\"131\" data-link=\"http:\/\/tousmaussanais.fr\/?attachment_id=131\" class=\"wp-image-131\" srcset=\"https:\/\/tousmaussanais.fr\/wp-content\/uploads\/2020\/01\/francis-1-819x1024.jpg 819w, https:\/\/tousmaussanais.fr\/wp-content\/uploads\/2020\/01\/francis-1-240x300.jpg 240w, https:\/\/tousmaussanais.fr\/wp-content\/uploads\/2020\/01\/francis-1-1280x1600.jpg 1280w, https:\/\/tousmaussanais.fr\/wp-content\/uploads\/2020\/01\/francis-1-768x960.jpg 768w, https:\/\/tousmaussanais.fr\/wp-content\/uploads\/2020\/01\/francis-1-1229x1536.jpg 1229w, https:\/\/tousmaussanais.fr\/wp-content\/uploads\/2020\/01\/francis-1-1638x2048.jpg 1638w, https:\/\/tousmaussanais.fr\/wp-content\/uploads\/2020\/01\/francis-1-scaled.jpg 2048w\" sizes=\"(max-width: 819px) 100vw, 819px\" \/><figcaption class=\"blocks-gallery-item__caption\"><a href=\"http:\/\/tousmaussanais.fr\/?page_id=242\"><strong>Francis Ferrer<\/strong><\/a><\/figcaption><\/figure><\/li><li class=\"blocks-gallery-item\"><figure><img loading=\"lazy\" width=\"819\" height=\"1024\" src=\"http:\/\/tousmaussanais.fr\/wp-content\/uploads\/2020\/01\/emmanuelle-819x1024.jpg\" alt=\"\" data-id=\"129\" data-link=\"http:\/\/tousmaussanais.fr\/?attachment_id=129\" class=\"wp-image-129\" srcset=\"https:\/\/tousmaussanais.fr\/wp-content\/uploads\/2020\/01\/emmanuelle-819x1024.jpg 819w, https:\/\/tousmaussanais.fr\/wp-content\/uploads\/2020\/01\/emmanuelle-240x300.jpg 240w, https:\/\/tousmaussanais.fr\/wp-content\/uploads\/2020\/01\/emmanuelle-1280x1600.jpg 1280w, https:\/\/tousmaussanais.fr\/wp-content\/uploads\/2020\/01\/emmanuelle-768x960.jpg 768w, https:\/\/tousmaussanais.fr\/wp-content\/uploads\/2020\/01\/emmanuelle-1229x1536.jpg 1229w, https:\/\/tousmaussanais.fr\/wp-content\/uploads\/2020\/01\/emmanuelle-1638x2048.jpg 1638w, https:\/\/tousmaussanais.fr\/wp-content\/uploads\/2020\/01\/emmanuelle-scaled.jpg 2048w\" sizes=\"(max-width: 819px) 100vw, 819px\" \/><figcaption class=\"blocks-gallery-item__caption\"><a href=\"http:\/\/tousmaussanais.fr\/?page_id=244\"><strong>Emmanuelle Tual<\/strong><\/a><\/figcaption><\/figure><\/li><li class=\"blocks-gallery-item\"><figure><img loading=\"lazy\" width=\"819\" height=\"1024\" src=\"http:\/\/tousmaussanais.fr\/wp-content\/uploads\/2020\/01\/ghislaine-1-819x1024.jpg\" alt=\"\" data-id=\"133\" data-link=\"http:\/\/tousmaussanais.fr\/?attachment_id=133\" class=\"wp-image-133\" srcset=\"https:\/\/tousmaussanais.fr\/wp-content\/uploads\/2020\/01\/ghislaine-1-819x1024.jpg 819w, https:\/\/tousmaussanais.fr\/wp-content\/uploads\/2020\/01\/ghislaine-1-240x300.jpg 240w, https:\/\/tousmaussanais.fr\/wp-content\/uploads\/2020\/01\/ghislaine-1-1280x1600.jpg 1280w, https:\/\/tousmaussanais.fr\/wp-content\/uploads\/2020\/01\/ghislaine-1-768x960.jpg 768w, https:\/\/tousmaussanais.fr\/wp-content\/uploads\/2020\/01\/ghislaine-1-1229x1536.jpg 1229w, https:\/\/tousmaussanais.fr\/wp-content\/uploads\/2020\/01\/ghislaine-1-1639x2048.jpg 1639w, https:\/\/tousmaussanais.fr\/wp-content\/uploads\/2020\/01\/ghislaine-1-scaled.jpg 2048w\" sizes=\"(max-width: 819px) 100vw, 819px\" \/><figcaption class=\"blocks-gallery-item__caption\"><a href=\"http:\/\/tousmaussanais.fr\/?page_id=236\"><strong>Gislaine Coudert<\/strong><\/a><\/figcaption><\/figure><\/li><li class=\"blocks-gallery-item\"><figure><img loading=\"lazy\" width=\"819\" height=\"1024\" src=\"http:\/\/tousmaussanais.fr\/wp-content\/uploads\/2020\/01\/hubert-819x1024.jpg\" alt=\"\" data-id=\"135\" data-link=\"http:\/\/tousmaussanais.fr\/?attachment_id=135\" class=\"wp-image-135\" srcset=\"https:\/\/tousmaussanais.fr\/wp-content\/uploads\/2020\/01\/hubert-819x1024.jpg 819w, https:\/\/tousmaussanais.fr\/wp-content\/uploads\/2020\/01\/hubert-240x300.jpg 240w, https:\/\/tousmaussanais.fr\/wp-content\/uploads\/2020\/01\/hubert-1280x1600.jpg 1280w, https:\/\/tousmaussanais.fr\/wp-content\/uploads\/2020\/01\/hubert-768x960.jpg 768w, https:\/\/tousmaussanais.fr\/wp-content\/uploads\/2020\/01\/hubert-1229x1536.jpg 1229w, https:\/\/tousmaussanais.fr\/wp-content\/uploads\/2020\/01\/hubert-1638x2048.jpg 1638w, https:\/\/tousmaussanais.fr\/wp-content\/uploads\/2020\/01\/hubert-scaled.jpg 2048w\" sizes=\"(max-width: 819px) 100vw, 819px\" \/><figcaption class=\"blocks-gallery-item__caption\"><a href=\"http:\/\/tousmaussanais.fr\/?page_id=238\"><strong>Hubert Piquet<\/strong><\/a><\/figcaption><\/figure><\/li><li class=\"blocks-gallery-item\"><figure><img loading=\"lazy\" width=\"819\" height=\"1024\" src=\"http:\/\/tousmaussanais.fr\/wp-content\/uploads\/2020\/01\/pascale-819x1024.jpg\" alt=\"\" data-id=\"136\" data-link=\"http:\/\/tousmaussanais.fr\/?attachment_id=136\" class=\"wp-image-136\" srcset=\"https:\/\/tousmaussanais.fr\/wp-content\/uploads\/2020\/01\/pascale-819x1024.jpg 819w, https:\/\/tousmaussanais.fr\/wp-content\/uploads\/2020\/01\/pascale-240x300.jpg 240w, https:\/\/tousmaussanais.fr\/wp-content\/uploads\/2020\/01\/pascale-1280x1600.jpg 1280w, https:\/\/tousmaussanais.fr\/wp-content\/uploads\/2020\/01\/pascale-768x960.jpg 768w, https:\/\/tousmaussanais.fr\/wp-content\/uploads\/2020\/01\/pascale-1229x1536.jpg 1229w, https:\/\/tousmaussanais.fr\/wp-content\/uploads\/2020\/01\/pascale-1639x2048.jpg 1639w, https:\/\/tousmaussanais.fr\/wp-content\/uploads\/2020\/01\/pascale-scaled.jpg 2048w\" sizes=\"(max-width: 819px) 100vw, 819px\" \/><figcaption class=\"blocks-gallery-item__caption\"><strong><a href=\"http:\/\/tousmaussanais.fr\/?page_id=306\">Pascale Linderme<\/a><\/strong><\/figcaption><\/figure><\/li><li class=\"blocks-gallery-item\"><figure><img loading=\"lazy\" width=\"819\" height=\"1024\" src=\"http:\/\/tousmaussanais.fr\/wp-content\/uploads\/2020\/01\/philippe-819x1024.jpg\" alt=\"\" data-id=\"139\" data-link=\"http:\/\/tousmaussanais.fr\/?attachment_id=139\" class=\"wp-image-139\" srcset=\"https:\/\/tousmaussanais.fr\/wp-content\/uploads\/2020\/01\/philippe-819x1024.jpg 819w, https:\/\/tousmaussanais.fr\/wp-content\/uploads\/2020\/01\/philippe-240x300.jpg 240w, https:\/\/tousmaussanais.fr\/wp-content\/uploads\/2020\/01\/philippe-1280x1600.jpg 1280w, https:\/\/tousmaussanais.fr\/wp-content\/uploads\/2020\/01\/philippe-768x960.jpg 768w, https:\/\/tousmaussanais.fr\/wp-content\/uploads\/2020\/01\/philippe-1229x1536.jpg 1229w, https:\/\/tousmaussanais.fr\/wp-content\/uploads\/2020\/01\/philippe-1639x2048.jpg 1639w, https:\/\/tousmaussanais.fr\/wp-content\/uploads\/2020\/01\/philippe-scaled.jpg 2048w\" sizes=\"(max-width: 819px) 100vw, 819px\" \/><figcaption class=\"blocks-gallery-item__caption\"><br><a href=\"http:\/\/tousmaussanais.fr\/?page_id=232\"><strong>Philippe Bouchez<\/strong><\/a><\/figcaption><\/figure><\/li><li class=\"blocks-gallery-item\"><figure><img loading=\"lazy\" width=\"819\" height=\"1024\" src=\"http:\/\/tousmaussanais.fr\/wp-content\/uploads\/2020\/01\/sonia-OK-819x1024.jpg\" alt=\"\" data-id=\"144\" data-link=\"http:\/\/tousmaussanais.fr\/?attachment_id=144\" class=\"wp-image-144\" srcset=\"https:\/\/tousmaussanais.fr\/wp-content\/uploads\/2020\/01\/sonia-OK-819x1024.jpg 819w, https:\/\/tousmaussanais.fr\/wp-content\/uploads\/2020\/01\/sonia-OK-240x300.jpg 240w, https:\/\/tousmaussanais.fr\/wp-content\/uploads\/2020\/01\/sonia-OK-1280x1600.jpg 1280w, https:\/\/tousmaussanais.fr\/wp-content\/uploads\/2020\/01\/sonia-OK-768x960.jpg 768w, https:\/\/tousmaussanais.fr\/wp-content\/uploads\/2020\/01\/sonia-OK-1229x1536.jpg 1229w, https:\/\/tousmaussanais.fr\/wp-content\/uploads\/2020\/01\/sonia-OK-1638x2048.jpg 1638w, https:\/\/tousmaussanais.fr\/wp-content\/uploads\/2020\/01\/sonia-OK.jpg 1772w\" sizes=\"(max-width: 819px) 100vw, 819px\" \/><figcaption class=\"blocks-gallery-item__caption\"><strong><a href=\"http:\/\/tousmaussanais.fr\/?page_id=230\">Sonia Cavagna<\/a><\/strong><\/figcaption><\/figure><\/li><li class=\"blocks-gallery-item\"><figure><img loading=\"lazy\" width=\"819\" height=\"1024\" src=\"http:\/\/tousmaussanais.fr\/wp-content\/uploads\/2020\/01\/pierre-819x1024.jpg\" alt=\"\" data-id=\"142\" data-link=\"http:\/\/tousmaussanais.fr\/?attachment_id=142\" class=\"wp-image-142\" srcset=\"https:\/\/tousmaussanais.fr\/wp-content\/uploads\/2020\/01\/pierre-819x1024.jpg 819w, https:\/\/tousmaussanais.fr\/wp-content\/uploads\/2020\/01\/pierre-240x300.jpg 240w, https:\/\/tousmaussanais.fr\/wp-content\/uploads\/2020\/01\/pierre-1280x1600.jpg 1280w, https:\/\/tousmaussanais.fr\/wp-content\/uploads\/2020\/01\/pierre-768x960.jpg 768w, https:\/\/tousmaussanais.fr\/wp-content\/uploads\/2020\/01\/pierre-1229x1536.jpg 1229w, https:\/\/tousmaussanais.fr\/wp-content\/uploads\/2020\/01\/pierre-1638x2048.jpg 1638w, https:\/\/tousmaussanais.fr\/wp-content\/uploads\/2020\/01\/pierre-scaled.jpg 2048w\" sizes=\"(max-width: 819px) 100vw, 819px\" \/><figcaption class=\"blocks-gallery-item__caption\"><strong><a href=\"http:\/\/tousmaussanais.fr\/?page_id=223\">Pierre Pag\u00e8s<\/a><\/strong><\/figcaption><\/figure><\/li><li class=\"blocks-gallery-item\"><figure><img loading=\"lazy\" width=\"819\" height=\"1024\" src=\"http:\/\/tousmaussanais.fr\/wp-content\/uploads\/2020\/01\/nelly-2-819x1024.jpg\" alt=\"\" data-id=\"149\" data-link=\"http:\/\/tousmaussanais.fr\/?attachment_id=149\" class=\"wp-image-149\" srcset=\"https:\/\/tousmaussanais.fr\/wp-content\/uploads\/2020\/01\/nelly-2-819x1024.jpg 819w, https:\/\/tousmaussanais.fr\/wp-content\/uploads\/2020\/01\/nelly-2-240x300.jpg 240w, https:\/\/tousmaussanais.fr\/wp-content\/uploads\/2020\/01\/nelly-2-1280x1600.jpg 1280w, https:\/\/tousmaussanais.fr\/wp-content\/uploads\/2020\/01\/nelly-2-768x960.jpg 768w, https:\/\/tousmaussanais.fr\/wp-content\/uploads\/2020\/01\/nelly-2-1229x1536.jpg 1229w, https:\/\/tousmaussanais.fr\/wp-content\/uploads\/2020\/01\/nelly-2-1638x2048.jpg 1638w, https:\/\/tousmaussanais.fr\/wp-content\/uploads\/2020\/01\/nelly-2-scaled.jpg 2048w\" sizes=\"(max-width: 819px) 100vw, 819px\" \/><figcaption class=\"blocks-gallery-item__caption\"><a href=\"http:\/\/tousmaussanais.fr\/?page_id=228\"><strong>Nelly Guemalmazian<\/strong><\/a><\/figcaption><\/figure><\/li><li class=\"blocks-gallery-item\"><figure><img loading=\"lazy\" width=\"819\" height=\"1024\" src=\"http:\/\/tousmaussanais.fr\/wp-content\/uploads\/2020\/01\/michel-819x1024.jpg\" alt=\"\" data-id=\"146\" data-link=\"http:\/\/tousmaussanais.fr\/?attachment_id=146\" class=\"wp-image-146\" srcset=\"https:\/\/tousmaussanais.fr\/wp-content\/uploads\/2020\/01\/michel-819x1024.jpg 819w, https:\/\/tousmaussanais.fr\/wp-content\/uploads\/2020\/01\/michel-240x300.jpg 240w, https:\/\/tousmaussanais.fr\/wp-content\/uploads\/2020\/01\/michel-1280x1600.jpg 1280w, https:\/\/tousmaussanais.fr\/wp-content\/uploads\/2020\/01\/michel-768x960.jpg 768w, https:\/\/tousmaussanais.fr\/wp-content\/uploads\/2020\/01\/michel-1229x1536.jpg 1229w, https:\/\/tousmaussanais.fr\/wp-content\/uploads\/2020\/01\/michel-1638x2048.jpg 1638w, https:\/\/tousmaussanais.fr\/wp-content\/uploads\/2020\/01\/michel-scaled.jpg 2048w\" sizes=\"(max-width: 819px) 100vw, 819px\" \/><figcaption class=\"blocks-gallery-item__caption\"><a href=\"http:\/\/tousmaussanais.fr\/?page_id=225\"><strong>Michel Bacigalupi<\/strong><\/a><\/figcaption><\/figure><\/li><li class=\"blocks-gallery-item\"><figure><img loading=\"lazy\" width=\"819\" height=\"1024\" src=\"http:\/\/tousmaussanais.fr\/wp-content\/uploads\/2020\/01\/huguette-1-819x1024.jpg\" alt=\"\" data-id=\"150\" data-link=\"http:\/\/tousmaussanais.fr\/?attachment_id=150\" class=\"wp-image-150\" srcset=\"https:\/\/tousmaussanais.fr\/wp-content\/uploads\/2020\/01\/huguette-1-819x1024.jpg 819w, https:\/\/tousmaussanais.fr\/wp-content\/uploads\/2020\/01\/huguette-1-240x300.jpg 240w, https:\/\/tousmaussanais.fr\/wp-content\/uploads\/2020\/01\/huguette-1-1280x1600.jpg 1280w, https:\/\/tousmaussanais.fr\/wp-content\/uploads\/2020\/01\/huguette-1-768x960.jpg 768w, https:\/\/tousmaussanais.fr\/wp-content\/uploads\/2020\/01\/huguette-1-1229x1536.jpg 1229w, https:\/\/tousmaussanais.fr\/wp-content\/uploads\/2020\/01\/huguette-1-1638x2048.jpg 1638w, https:\/\/tousmaussanais.fr\/wp-content\/uploads\/2020\/01\/huguette-1-scaled.jpg 2048w\" sizes=\"(max-width: 819px) 100vw, 819px\" \/><figcaption class=\"blocks-gallery-item__caption\"><a href=\"http:\/\/tousmaussanais.fr\/?page_id=221\"><strong>Huguette Joussaud<\/strong><\/a><\/figcaption><\/figure><\/li><li class=\"blocks-gallery-item\"><figure><img loading=\"lazy\" width=\"819\" height=\"1024\" src=\"http:\/\/tousmaussanais.fr\/wp-content\/uploads\/2020\/01\/regis-3-819x1024.jpg\" alt=\"\" data-id=\"268\" data-link=\"http:\/\/tousmaussanais.fr\/?attachment_id=268\" class=\"wp-image-268\" srcset=\"https:\/\/tousmaussanais.fr\/wp-content\/uploads\/2020\/01\/regis-3-819x1024.jpg 819w, https:\/\/tousmaussanais.fr\/wp-content\/uploads\/2020\/01\/regis-3-240x300.jpg 240w, https:\/\/tousmaussanais.fr\/wp-content\/uploads\/2020\/01\/regis-3-1280x1600.jpg 1280w, https:\/\/tousmaussanais.fr\/wp-content\/uploads\/2020\/01\/regis-3-768x960.jpg 768w, https:\/\/tousmaussanais.fr\/wp-content\/uploads\/2020\/01\/regis-3-1229x1536.jpg 1229w, https:\/\/tousmaussanais.fr\/wp-content\/uploads\/2020\/01\/regis-3-1638x2048.jpg 1638w, https:\/\/tousmaussanais.fr\/wp-content\/uploads\/2020\/01\/regis-3-scaled.jpg 2048w\" sizes=\"(max-width: 819px) 100vw, 819px\" \/><figcaption class=\"blocks-gallery-item__caption\"><a href=\"http:\/\/tousmaussanais.fr\/?page_id=270\"><strong>R\u00e9gis Fabre<\/strong><\/a><\/figcaption><\/figure><\/li><li class=\"blocks-gallery-item\"><figure><img loading=\"lazy\" width=\"819\" height=\"1024\" src=\"http:\/\/tousmaussanais.fr\/wp-content\/uploads\/2020\/01\/lucie-1-819x1024.jpg\" alt=\"\" data-id=\"153\" data-link=\"http:\/\/tousmaussanais.fr\/?attachment_id=153\" class=\"wp-image-153\" srcset=\"https:\/\/tousmaussanais.fr\/wp-content\/uploads\/2020\/01\/lucie-1-819x1024.jpg 819w, https:\/\/tousmaussanais.fr\/wp-content\/uploads\/2020\/01\/lucie-1-240x300.jpg 240w, https:\/\/tousmaussanais.fr\/wp-content\/uploads\/2020\/01\/lucie-1-1280x1600.jpg 1280w, https:\/\/tousmaussanais.fr\/wp-content\/uploads\/2020\/01\/lucie-1-768x960.jpg 768w, https:\/\/tousmaussanais.fr\/wp-content\/uploads\/2020\/01\/lucie-1-1229x1536.jpg 1229w, https:\/\/tousmaussanais.fr\/wp-content\/uploads\/2020\/01\/lucie-1-1638x2048.jpg 1638w, https:\/\/tousmaussanais.fr\/wp-content\/uploads\/2020\/01\/lucie-1-scaled.jpg 2048w\" sizes=\"(max-width: 819px) 100vw, 819px\" \/><figcaption class=\"blocks-gallery-item__caption\"><a href=\"http:\/\/tousmaussanais.fr\/?page_id=215\"><strong>Lucie Babin<\/strong><\/a><\/figcaption><\/figure><\/li><li class=\"blocks-gallery-item\"><figure><img loading=\"lazy\" width=\"1138\" height=\"1600\" src=\"https:\/\/tousmaussanais.fr\/wp-content\/uploads\/2020\/03\/photo-blanc-1-1138x1600.png\" alt=\"\" data-id=\"1103\" data-full-url=\"https:\/\/tousmaussanais.fr\/wp-content\/uploads\/2020\/03\/photo-blanc-1.png\" data-link=\"https:\/\/tousmaussanais.fr\/?attachment_id=1103\" class=\"wp-image-1103\" srcset=\"https:\/\/tousmaussanais.fr\/wp-content\/uploads\/2020\/03\/photo-blanc-1-1138x1600.png 1138w, https:\/\/tousmaussanais.fr\/wp-content\/uploads\/2020\/03\/photo-blanc-1-427x600.png 427w, https:\/\/tousmaussanais.fr\/wp-content\/uploads\/2020\/03\/photo-blanc-1-768x1080.png 768w, https:\/\/tousmaussanais.fr\/wp-content\/uploads\/2020\/03\/photo-blanc-1-1092x1536.png 1092w, https:\/\/tousmaussanais.fr\/wp-content\/uploads\/2020\/03\/photo-blanc-1-1456x2048.png 1456w\" sizes=\"(max-width: 1138px) 100vw, 1138px\" \/><\/figure><\/li><\/ul><\/figure>\n\n\n\n<p><\/p>\n","protected":false},"excerpt":{"rendered":"<p>Neuf femmes, Sept hommes, aux comp\u00e9tences compl\u00e9mentaires et r\u00e9unis par la passion de leur village. Des personnalit\u00e9s diverses ouvertes \u00e0 la discussion avec les citoyens de Maussane. Projets, id\u00e9es, remarques&#8230; tout nous int\u00e9resse&#8230;<\/p>\n","protected":false},"author":1,"featured_media":0,"parent":0,"menu_order":0,"comment_status":"closed","ping_status":"closed","template":"","meta":[],"_links":{"self":[{"href":"https:\/\/tousmaussanais.fr\/index.php?rest_route=\/wp\/v2\/pages\/6"}],"collection":[{"href":"https:\/\/tousmaussanais.fr\/index.php?rest_route=\/wp\/v2\/pages"}],"about":[{"href":"https:\/\/tousmaussanais.fr\/index.php?rest_route=\/wp\/v2\/types\/page"}],"author":[{"embeddable":true,"href":"https:\/\/tousmaussanais.fr\/index.php?rest_route=\/wp\/v2\/users\/1"}],"replies":[{"embeddable":true,"href":"https:\/\/tousmaussanais.fr\/index.php?rest_route=%2Fwp%2Fv2%2Fcomments&post=6"}],"version-history":[{"count":36,"href":"https:\/\/tousmaussanais.fr\/index.php?rest_route=\/wp\/v2\/pages\/6\/revisions"}],"predecessor-version":[{"id":1109,"href":"https:\/\/tousmaussanais.fr\/index.php?rest_route=\/wp\/v2\/pages\/6\/revisions\/1109"}],"wp:attachment":[{"href":"https:\/\/tousmaussanais.fr\/index.php?rest_route=%2Fwp%2Fv2%2Fmedia&parent=6"}],"curies":[{"name":"wp","href":"https:\/\/api.w.org\/{rel}","templated":true}]}}