{"id":250,"date":"2020-01-20T17:32:58","date_gmt":"2020-01-20T16:32:58","guid":{"rendered":"http:\/\/tousmaussanais.fr\/?page_id=250"},"modified":"2020-03-22T11:30:57","modified_gmt":"2020-03-22T10:30:57","slug":"andy-cleon","status":"publish","type":"page","link":"https:\/\/tousmaussanais.fr\/?page_id=250","title":{"rendered":"Andy Cl\u00e9on"},"content":{"rendered":"\n<div class=\"wp-block-media-text alignwide\"><figure class=\"wp-block-media-text__media\"><img loading=\"lazy\" width=\"819\" height=\"1024\" src=\"http:\/\/tousmaussanais.fr\/wp-content\/uploads\/2020\/01\/andy-819x1024.jpg\" alt=\"\" class=\"wp-image-126\" srcset=\"https:\/\/tousmaussanais.fr\/wp-content\/uploads\/2020\/01\/andy-819x1024.jpg 819w, https:\/\/tousmaussanais.fr\/wp-content\/uploads\/2020\/01\/andy-240x300.jpg 240w, https:\/\/tousmaussanais.fr\/wp-content\/uploads\/2020\/01\/andy-1280x1600.jpg 1280w, https:\/\/tousmaussanais.fr\/wp-content\/uploads\/2020\/01\/andy-768x960.jpg 768w, https:\/\/tousmaussanais.fr\/wp-content\/uploads\/2020\/01\/andy-1229x1536.jpg 1229w, https:\/\/tousmaussanais.fr\/wp-content\/uploads\/2020\/01\/andy-1638x2048.jpg 1638w, https:\/\/tousmaussanais.fr\/wp-content\/uploads\/2020\/01\/andy-scaled.jpg 2048w\" sizes=\"(max-width: 819px) 100vw, 819px\" \/><\/figure><div class=\"wp-block-media-text__content\">\n<h3>Andy Cl\u00e9on, Maussanais<\/h3>\n\n\n\n<p class=\"has-small-font-size\">28 ans, en couple, 2 enfants<\/p>\n\n\n\n<p class=\"has-normal-font-size\"><strong>Junior de l&rsquo;\u00e9quipe Tous Maussanais, je suis fier d&rsquo;apporter mon savoir-faire dans mon domaine de comp\u00e9tences et mon envie de partager ces savoirs avec tous, et en particulier, aider de mon mieux ceux qui sont peu familiers des technologies de communication actuelles<\/strong>.<\/p>\n<\/div><\/div>\n","protected":false},"excerpt":{"rendered":"<p>Andy Cl\u00e9on, Maussanais 28 ans, en couple, 2 enfants Junior de l&rsquo;\u00e9quipe Tous Maussanais, je suis fier d&rsquo;apporter mon savoir-faire dans mon domaine de comp\u00e9tences et mon envie de partager ces savoirs avec tous, et en particulier, aider de mon mieux ceux qui sont peu familiers des technologies de communication actuelles.<\/p>\n","protected":false},"author":1,"featured_media":0,"parent":0,"menu_order":0,"comment_status":"closed","ping_status":"closed","template":"","meta":[],"_links":{"self":[{"href":"https:\/\/tousmaussanais.fr\/index.php?rest_route=\/wp\/v2\/pages\/250"}],"collection":[{"href":"https:\/\/tousmaussanais.fr\/index.php?rest_route=\/wp\/v2\/pages"}],"about":[{"href":"https:\/\/tousmaussanais.fr\/index.php?rest_route=\/wp\/v2\/types\/page"}],"author":[{"embeddable":true,"href":"https:\/\/tousmaussanais.fr\/index.php?rest_route=\/wp\/v2\/users\/1"}],"replies":[{"embeddable":true,"href":"https:\/\/tousmaussanais.fr\/index.php?rest_route=%2Fwp%2Fv2%2Fcomments&post=250"}],"version-history":[{"count":11,"href":"https:\/\/tousmaussanais.fr\/index.php?rest_route=\/wp\/v2\/pages\/250\/revisions"}],"predecessor-version":[{"id":1055,"href":"https:\/\/tousmaussanais.fr\/index.php?rest_route=\/wp\/v2\/pages\/250\/revisions\/1055"}],"wp:attachment":[{"href":"https:\/\/tousmaussanais.fr\/index.php?rest_route=%2Fwp%2Fv2%2Fmedia&parent=250"}],"curies":[{"name":"wp","href":"https:\/\/api.w.org\/{rel}","templated":true}]}}