{"id":221,"date":"2020-01-20T17:27:18","date_gmt":"2020-01-20T16:27:18","guid":{"rendered":"http:\/\/tousmaussanais.fr\/?page_id=221"},"modified":"2020-01-23T11:58:00","modified_gmt":"2020-01-23T10:58:00","slug":"huguette-joussaud","status":"publish","type":"page","link":"https:\/\/tousmaussanais.fr\/?page_id=221","title":{"rendered":"Huguette Joussaud"},"content":{"rendered":"\n<div class=\"wp-block-media-text alignwide\"><figure class=\"wp-block-media-text__media\"><img loading=\"lazy\" width=\"819\" height=\"1024\" src=\"http:\/\/tousmaussanais.fr\/wp-content\/uploads\/2020\/01\/huguette-819x1024.jpg\" alt=\"\" class=\"wp-image-137\" srcset=\"https:\/\/tousmaussanais.fr\/wp-content\/uploads\/2020\/01\/huguette-819x1024.jpg 819w, https:\/\/tousmaussanais.fr\/wp-content\/uploads\/2020\/01\/huguette-240x300.jpg 240w, https:\/\/tousmaussanais.fr\/wp-content\/uploads\/2020\/01\/huguette-1280x1600.jpg 1280w, https:\/\/tousmaussanais.fr\/wp-content\/uploads\/2020\/01\/huguette-768x960.jpg 768w, https:\/\/tousmaussanais.fr\/wp-content\/uploads\/2020\/01\/huguette-1229x1536.jpg 1229w, https:\/\/tousmaussanais.fr\/wp-content\/uploads\/2020\/01\/huguette-1638x2048.jpg 1638w, https:\/\/tousmaussanais.fr\/wp-content\/uploads\/2020\/01\/huguette-scaled.jpg 2048w\" sizes=\"(max-width: 819px) 100vw, 819px\" \/><\/figure><div class=\"wp-block-media-text__content\">\n<h3>Huguette Joussaud, Maussanaise<\/h3>\n\n\n\n<p class=\"has-small-font-size\">Mari\u00e9e, deux fils, retrait\u00e9e<\/p>\n\n\n\n<p>Apr\u00e8s mes \u00e9tudes et une formation en Assurances des biens et des personnes (Groupama), j\u2019ai montr\u00e9 ma grande polyvalence en exer\u00e7ant plusieurs m\u00e9tiers: M\u00e9canicienne en chemiserie (MAC), Secr\u00e9taire de direction (FOUCRAY), Commer\u00e7ante (SOULE\u00cfADO), VRP (RTCF), H\u00f4teli\u00e8re \/restauratrice (LE SAUZE, Alp H\u00f4tel)&#8230;et gestionnaire de patrimoine familial !<\/p>\n\n\n\n<p><strong>Tr\u00e8s sportive, tr\u00e8s active et passionn\u00e9e par la nature, j&rsquo;ai l&rsquo;ambition d&rsquo;aider au d\u00e9veloppement de toutes les infrastructures de Maussane-les-Alpilles qui concernent l&rsquo;acc\u00e8s au sport pour tous.<\/strong><\/p>\n<\/div><\/div>\n","protected":false},"excerpt":{"rendered":"<p>Huguette Joussaud, Maussanaise Mari\u00e9e, deux fils, retrait\u00e9e Apr\u00e8s mes \u00e9tudes et une formation en Assurances des biens et des personnes (Groupama), j\u2019ai montr\u00e9 ma grande polyvalence en exer\u00e7ant plusieurs m\u00e9tiers: M\u00e9canicienne en chemiserie (MAC), Secr\u00e9taire de direction (FOUCRAY), Commer\u00e7ante (SOULE\u00cfADO), VRP (RTCF), H\u00f4teli\u00e8re \/restauratrice (LE SAUZE, Alp H\u00f4tel)&#8230;et gestionnaire de patrimoine familial ! Tr\u00e8s sportive, [&hellip;]<\/p>\n","protected":false},"author":1,"featured_media":0,"parent":0,"menu_order":0,"comment_status":"closed","ping_status":"closed","template":"","meta":[],"_links":{"self":[{"href":"https:\/\/tousmaussanais.fr\/index.php?rest_route=\/wp\/v2\/pages\/221"}],"collection":[{"href":"https:\/\/tousmaussanais.fr\/index.php?rest_route=\/wp\/v2\/pages"}],"about":[{"href":"https:\/\/tousmaussanais.fr\/index.php?rest_route=\/wp\/v2\/types\/page"}],"author":[{"embeddable":true,"href":"https:\/\/tousmaussanais.fr\/index.php?rest_route=\/wp\/v2\/users\/1"}],"replies":[{"embeddable":true,"href":"https:\/\/tousmaussanais.fr\/index.php?rest_route=%2Fwp%2Fv2%2Fcomments&post=221"}],"version-history":[{"count":5,"href":"https:\/\/tousmaussanais.fr\/index.php?rest_route=\/wp\/v2\/pages\/221\/revisions"}],"predecessor-version":[{"id":566,"href":"https:\/\/tousmaussanais.fr\/index.php?rest_route=\/wp\/v2\/pages\/221\/revisions\/566"}],"wp:attachment":[{"href":"https:\/\/tousmaussanais.fr\/index.php?rest_route=%2Fwp%2Fv2%2Fmedia&parent=221"}],"curies":[{"name":"wp","href":"https:\/\/api.w.org\/{rel}","templated":true}]}}